{"id":159,"date":"2023-09-24T01:49:32","date_gmt":"2023-09-24T04:49:32","guid":{"rendered":"https:\/\/biomanutencaoindustrial.com.br\/?page_id=159"},"modified":"2023-09-24T11:48:45","modified_gmt":"2023-09-24T14:48:45","slug":"inicio","status":"publish","type":"page","link":"https:\/\/biomanutencaoindustrial.com.br\/","title":{"rendered":"In\u00edcio"},"content":{"rendered":"<link rel=\"stylesheet\" href=\"https:\/\/biomanutencaoindustrial.com.br\/wp-content\/plugins\/elementor\/assets\/css\/widget-icon-list.min.css\">\n<ul>\n<li>\n\t\t\t\t\t\t\t\t\t\tcontato@biomanutencaoindustrial.com.br\n\t\t\t\t\t\t\t\t\t<\/li>\n<li>\n\t\t\t\t\t\t\t\t\t\t11 3944-5767\n\t\t\t\t\t\t\t\t\t<\/li>\n<\/ul>\n<style>\/*! elementor - v3.16.0 - 20-09-2023 *\/\n.elementor-widget-social-icons.elementor-grid-0 .elementor-widget-container,.elementor-widget-social-icons.elementor-grid-mobile-0 .elementor-widget-container,.elementor-widget-social-icons.elementor-grid-tablet-0 .elementor-widget-container{line-height:1;font-size:0}.elementor-widget-social-icons:not(.elementor-grid-0):not(.elementor-grid-tablet-0):not(.elementor-grid-mobile-0) .elementor-grid{display:inline-grid}.elementor-widget-social-icons .elementor-grid{grid-column-gap:var(--grid-column-gap,5px);grid-row-gap:var(--grid-row-gap,5px);grid-template-columns:var(--grid-template-columns);justify-content:var(--justify-content,center);justify-items:var(--justify-content,center)}.elementor-icon.elementor-social-icon{font-size:var(--icon-size,25px);line-height:var(--icon-size,25px);width:calc(var(--icon-size, 25px) + (2 * var(--icon-padding, .5em)));height:calc(var(--icon-size, 25px) + (2 * var(--icon-padding, .5em)))}.elementor-social-icon{--e-social-icon-icon-color:#fff;display:inline-flex;background-color:#69727d;align-items:center;justify-content:center;text-align:center;cursor:pointer}.elementor-social-icon i{color:var(--e-social-icon-icon-color)}.elementor-social-icon svg{fill:var(--e-social-icon-icon-color)}.elementor-social-icon:last-child{margin:0}.elementor-social-icon:hover{opacity:.9;color:#fff}.elementor-social-icon-android{background-color:#a4c639}.elementor-social-icon-apple{background-color:#999}.elementor-social-icon-behance{background-color:#1769ff}.elementor-social-icon-bitbucket{background-color:#205081}.elementor-social-icon-codepen{background-color:#000}.elementor-social-icon-delicious{background-color:#39f}.elementor-social-icon-deviantart{background-color:#05cc47}.elementor-social-icon-digg{background-color:#005be2}.elementor-social-icon-dribbble{background-color:#ea4c89}.elementor-social-icon-elementor{background-color:#d30c5c}.elementor-social-icon-envelope{background-color:#ea4335}.elementor-social-icon-facebook,.elementor-social-icon-facebook-f{background-color:#3b5998}.elementor-social-icon-flickr{background-color:#0063dc}.elementor-social-icon-foursquare{background-color:#2d5be3}.elementor-social-icon-free-code-camp,.elementor-social-icon-freecodecamp{background-color:#006400}.elementor-social-icon-github{background-color:#333}.elementor-social-icon-gitlab{background-color:#e24329}.elementor-social-icon-globe{background-color:#69727d}.elementor-social-icon-google-plus,.elementor-social-icon-google-plus-g{background-color:#dd4b39}.elementor-social-icon-houzz{background-color:#7ac142}.elementor-social-icon-instagram{background-color:#262626}.elementor-social-icon-jsfiddle{background-color:#487aa2}.elementor-social-icon-link{background-color:#818a91}.elementor-social-icon-linkedin,.elementor-social-icon-linkedin-in{background-color:#0077b5}.elementor-social-icon-medium{background-color:#00ab6b}.elementor-social-icon-meetup{background-color:#ec1c40}.elementor-social-icon-mixcloud{background-color:#273a4b}.elementor-social-icon-odnoklassniki{background-color:#f4731c}.elementor-social-icon-pinterest{background-color:#bd081c}.elementor-social-icon-product-hunt{background-color:#da552f}.elementor-social-icon-reddit{background-color:#ff4500}.elementor-social-icon-rss{background-color:#f26522}.elementor-social-icon-shopping-cart{background-color:#4caf50}.elementor-social-icon-skype{background-color:#00aff0}.elementor-social-icon-slideshare{background-color:#0077b5}.elementor-social-icon-snapchat{background-color:#fffc00}.elementor-social-icon-soundcloud{background-color:#f80}.elementor-social-icon-spotify{background-color:#2ebd59}.elementor-social-icon-stack-overflow{background-color:#fe7a15}.elementor-social-icon-steam{background-color:#00adee}.elementor-social-icon-stumbleupon{background-color:#eb4924}.elementor-social-icon-telegram{background-color:#2ca5e0}.elementor-social-icon-thumb-tack{background-color:#1aa1d8}.elementor-social-icon-tripadvisor{background-color:#589442}.elementor-social-icon-tumblr{background-color:#35465c}.elementor-social-icon-twitch{background-color:#6441a5}.elementor-social-icon-twitter{background-color:#1da1f2}.elementor-social-icon-viber{background-color:#665cac}.elementor-social-icon-vimeo{background-color:#1ab7ea}.elementor-social-icon-vk{background-color:#45668e}.elementor-social-icon-weibo{background-color:#dd2430}.elementor-social-icon-weixin{background-color:#31a918}.elementor-social-icon-whatsapp{background-color:#25d366}.elementor-social-icon-wordpress{background-color:#21759b}.elementor-social-icon-xing{background-color:#026466}.elementor-social-icon-yelp{background-color:#af0606}.elementor-social-icon-youtube{background-color:#cd201f}.elementor-social-icon-500px{background-color:#0099e5}.elementor-shape-rounded .elementor-icon.elementor-social-icon{border-radius:10%}.elementor-shape-circle .elementor-icon.elementor-social-icon{border-radius:50%}<\/style>\n<p>\t\t\t\t\t<a href=\"https:\/\/m.facebook.com\/people\/Bio-Manuten%C3%A7%C3%A3o-e-Constru%C3%A7%C3%A3o\/100069642097477\/\" target=\"_blank\" rel=\"noopener\"><br \/>\n\t\t\t\t\t\tFacebook<br \/>\n\t\t\t\t\t\t\t\t\t\t\t<\/a><br \/>\n\t\t\t\t\t<a href=\"https:\/\/br.linkedin.com\/in\/benedito-manuten%C3%A7%C3%A3o-e-constru%C3%A7%C3%A3o-272725287\" target=\"_blank\" rel=\"noopener\"><br \/>\n\t\t\t\t\t\tLinkedin<br \/>\n\t\t\t\t\t\t\t\t\t\t\t<\/a><br \/>\n\t\t\t\t\t<a href=\"https:\/\/wa.me\/qr\/XNNMRJ2ANPR2G1%20\" target=\"_blank\" rel=\"noopener\"><br \/>\n\t\t\t\t\t\tWhatsapp<br \/>\n\t\t\t\t\t\t\t\t\t\t\t<\/a><\/p>\n<style>\/*! elementor - v3.16.0 - 20-09-2023 *\/\n.elementor-widget-image{text-align:center}.elementor-widget-image a{display:inline-block}.elementor-widget-image a img[src$=\".svg\"]{width:48px}.elementor-widget-image img{vertical-align:middle;display:inline-block}<\/style>\n<p>\t\t\t\t\t\t\t\t\t\t\t\t<img decoding=\"async\" width=\"640\" height=\"192\" src=\"https:\/\/biomanutencaoindustrial.com.br\/wp-content\/uploads\/2023\/09\/logo2.png\" alt=\"\" loading=\"lazy\" srcset=\"https:\/\/biomanutencaoindustrial.com.br\/wp-content\/uploads\/2023\/09\/logo2.png 640w, https:\/\/biomanutencaoindustrial.com.br\/wp-content\/uploads\/2023\/09\/logo2-300x90.png 300w\" sizes=\"auto, (max-width: 640px) 100vw, 640px\" \/><br \/>\n\t\t\t<a href=\"https:\/\/wa.me\/qr\/XNNMRJ2ANPR2G1\"><br \/>\n\t\t\t\t\t\tWhatsApp<br \/>\n\t\t\t\t\t<\/a><\/p>\n<style>\/*! elementor - v3.16.0 - 20-09-2023 *\/\n.elementor-heading-title{padding:0;margin:0;line-height:1}.elementor-widget-heading .elementor-heading-title[class*=elementor-size-]>a{color:inherit;font-size:inherit;line-height:inherit}.elementor-widget-heading .elementor-heading-title.elementor-size-small{font-size:15px}.elementor-widget-heading .elementor-heading-title.elementor-size-medium{font-size:19px}.elementor-widget-heading .elementor-heading-title.elementor-size-large{font-size:29px}.elementor-widget-heading .elementor-heading-title.elementor-size-xl{font-size:39px}.elementor-widget-heading .elementor-heading-title.elementor-size-xxl{font-size:59px}<\/style>\n<h2>Servi\u00e7os de manuten\u00e7\u00e3o industrial<\/h2>\n<p>A manuten\u00e7\u00e3o industrial \u00e9 um pilar fundamental para o funcionamento eficiente e seguro de qualquer empreendimento fabril. \u00c9 o alicerce sobre o qual a produ\u00e7\u00e3o de qualidade se sustenta, garantindo que m\u00e1quinas, equipamentos e sistemas operem de maneira adequada e cont\u00ednua. \u00c9 nesse cen\u00e1rio que entra a Bio Manuten\u00e7\u00e3o, uma parceira essencial para o sucesso de sua empresa.<\/p>\n<p>\t\t\t<a href=\"#\"><br \/>\n\t\t\t\t\t\tServi\u00e7os<br \/>\n\t\t\t\t\t<\/a><br \/>\n\t\t\t<a href=\"https:\/\/biomanutencaoindustrial.com.br\/index.php\/orcamento\/\"><br \/>\n\t\t\t\t\t\tOr\u00e7amento<br \/>\n\t\t\t\t\t<\/a><br \/>\n\t\t\t\t\t\t\t\t\t\t\t\t\t\t\t<img decoding=\"async\" width=\"800\" height=\"600\" src=\"https:\/\/biomanutencaoindustrial.com.br\/wp-content\/uploads\/2023\/09\/3.png\" alt=\"\" loading=\"lazy\" srcset=\"https:\/\/biomanutencaoindustrial.com.br\/wp-content\/uploads\/2023\/09\/3.png 800w, https:\/\/biomanutencaoindustrial.com.br\/wp-content\/uploads\/2023\/09\/3-300x225.png 300w, https:\/\/biomanutencaoindustrial.com.br\/wp-content\/uploads\/2023\/09\/3-768x576.png 768w\" sizes=\"auto, (max-width: 800px) 100vw, 800px\" \/>\n\t\t\t<link rel=\"stylesheet\" href=\"https:\/\/biomanutencaoindustrial.com.br\/wp-content\/plugins\/elementor\/assets\/css\/widget-icon-box.min.css\">\n<h4>\n\t\t\t\t\t\tFale Conosco<br \/>\n\t\t\t\t<\/h4>\n<p>\n\t\t\t\t\t\t+55 11 3944-5767\t\t\t\t\t<\/p>\n<style>\/*! elementor - v3.16.0 - 20-09-2023 *\/\n.elementor-column .elementor-spacer-inner{height:var(--spacer-size)}.e-con{--container-widget-width:100%}.e-con-inner>.elementor-widget-spacer,.e-con>.elementor-widget-spacer{width:var(--container-widget-width,var(--spacer-size));--align-self:var(--container-widget-align-self,initial);--flex-shrink:0}.e-con-inner>.elementor-widget-spacer>.elementor-widget-container,.e-con>.elementor-widget-spacer>.elementor-widget-container{height:100%;width:100%}.e-con-inner>.elementor-widget-spacer>.elementor-widget-container>.elementor-spacer,.e-con>.elementor-widget-spacer>.elementor-widget-container>.elementor-spacer{height:100%}.e-con-inner>.elementor-widget-spacer>.elementor-widget-container>.elementor-spacer>.elementor-spacer-inner,.e-con>.elementor-widget-spacer>.elementor-widget-container>.elementor-spacer>.elementor-spacer-inner{height:var(--container-widget-height,var(--spacer-size))}.e-con-inner>.elementor-widget-spacer.elementor-widget-empty,.e-con>.elementor-widget-spacer.elementor-widget-empty{position:relative;min-height:22px;min-width:22px}.e-con-inner>.elementor-widget-spacer.elementor-widget-empty .elementor-widget-empty-icon,.e-con>.elementor-widget-spacer.elementor-widget-empty .elementor-widget-empty-icon{position:absolute;top:0;bottom:0;left:0;right:0;margin:auto;padding:0;width:22px;height:22px}<\/style>\n<h5>\n\t\t\t\t\t\t<br \/>Consulte nos<br \/>\n\t\t\t\t<\/h5>\n<p>\n\t\t\t\t\t\tDescubra como podemos transformar a manuten\u00e7\u00e3o industrial em um diferencial estrat\u00e9gico para sua empresa.\t\t\t\t\t<\/p>\n<p>\t\t\t+\t\t<\/p>\n<h2>Sobre n\u00f3s<\/h2>\n<h3>h\u00e1 7 anos no mercado <\/h3>\n<p>\u00a0Ao longo dos anos, temos trabalhado incansavelmente para aprimorar nossos servi\u00e7os e aprimorar a experi\u00eancia do cliente. N\u00f3s nos orgulhamos de fornecer solu\u00e7\u00f5es personalizadas que atendam \u00e0s necessidades exclusivas de nossos clientes. Nosso objetivo \u00e9 sempre oferecer qualidade, consist\u00eancia e confiabilidade em cada etapa do processo de atendimento ao cliente. Ao escolher nossa empresa para atender \u00e0s suas necessidades industriais, voc\u00ea pode ter a certeza de que receber\u00e1 um servi\u00e7o de alta qualidade e suporte cont\u00ednuo ap\u00f3s a venda. Estamos comprometidos em exceder as expectativas de nossos clientes e estamos ansiosos para trabalhar com voc\u00ea para atingir seus objetivos industriais. Nosso principal cliente h\u00e1 7 anos residente e prestando servi\u00e7os na Voith Turbo Voith Hydro, Voith Paper instaladas no Bairro do Jaragu\u00e1, S\u00e3o Paulo.<\/p>\n<p>Nosso servi\u00e7os\u00a0<\/p>\n<ul>\n<li>\n\t\t\t\t\t\t\t\t\t\tManuten\u00e7\u00e3o Predial\n\t\t\t\t\t\t\t\t\t<\/li>\n<li>\n\t\t\t\t\t\t\t\t\t\tLimpeza T\u00e9cnica\n\t\t\t\t\t\t\t\t\t<\/li>\n<li>\n\t\t\t\t\t\t\t\t\t\tSerralheria\n\t\t\t\t\t\t\t\t\t<\/li>\n<li>\n\t\t\t\t\t\t\t\t\t\tMarcenaria\n\t\t\t\t\t\t\t\t\t<\/li>\n<li>\n\t\t\t\t\t\t\t\t\t\tPintura\n\t\t\t\t\t\t\t\t\t<\/li>\n<li>\n\t\t\t\t\t\t\t\t\t\tTelhado\n\t\t\t\t\t\t\t\t\t<\/li>\n<\/ul>\n<p>\t\t\t<a href=\"#\"><br \/>\n\t\t\t\t\t\tSaiba Mais<br \/>\n\t\t\t\t\t<\/a><\/p>\n<h2>Nossos Servi\u00e7os<\/h2>\n<h3>alguns servi\u00e7os que fornecemos<\/h3>\n<p>\t\t\t<a href=\"#\"><br \/>\n\t\t\t\t\t\tVeja todos nossos servi\u00e7os<br \/>\n\t\t\t\t\t<\/a><\/p>\n<h2>Por que nos escolher<\/h2>\n<h3>Manuten\u00e7\u00e3o predial<\/h3>\n<p>Trabalhamos com equipe residente e profissionais treinados para atendimento da legisla\u00e7\u00e3o de seguran\u00e7a.<\/p>\n<h4>\n\t\t\t\t\t\tEquipe de Suporte<br \/>\n\t\t\t\t<\/h4>\n<p>\n\t\t\t\t\t\tMantemos equipe administrativa de suporte.\t\t\t\t\t<\/p>\n<h4>\n\t\t\t\t\t\tExperi\u00eancia t\u00e9cnica<br \/>\n\t\t\t\t<\/h4>\n<p>\n\t\t\t\t\t\tNossa equipe possui qualifica\u00e7\u00e3o t\u00e9cnica e especializada.\t\t\t\t\t<\/p>\n<h4>\n\t\t\t\t\t\t Seguran\u00e7a do Trabalho<br \/>\n\t\t\t\t<\/h4>\n<p>\n\t\t\t\t\t\tAtendemos a legisla\u00e7\u00e3ode seguran\u00e7a com equipe treinada, para evitarmos acidentes.\t\t\t\t\t<\/p>\n<h4>\n\t\t\t\t\t\tSatisfa\u00e7\u00e3o garantida<br \/>\n\t\t\t\t<\/h4>\n<p>\n\t\t\t\t\t\tPrezamos pela qualidade em todos os aspectos de seus servi\u00e7os e a satisfa\u00e7\u00e3o dos nossos clientes.\t\t\t\t\t<\/p>\n<h2>benef\u00edcios<\/h2>\n<h4>\n\t\t\t\t\t\tFoco no Seu Core Business<br \/>\n\t\t\t\t<\/h4>\n<p>\n\t\t\t\t\t\tDelegar a manuten\u00e7\u00e3o industrial para especialistas permite que voc\u00ea e sua equipe se concentrem no que fazem de melhor: inovar, produzir e crescer. Deixe-nos cuidar da sa\u00fade de seus equipamentos, enquanto voc\u00ea se dedica ao sucesso de seu neg\u00f3cio.\t\t\t\t\t<\/p>\n<h4>\n\t\t\t\t\t\tProlongamento da Vida \u00datil dos Equipamentos<br \/>\n\t\t\t\t<\/h4>\n<p>\n\t\t\t\t\t\tInvestir em manuten\u00e7\u00e3o industrial n\u00e3o \u00e9 apenas uma medida imediata; \u00e9 um investimento no futuro de seus equipamentos. Ao mant\u00ea-los em condi\u00e7\u00f5es ideais de funcionamento, a Bio Manuten\u00e7\u00e3o ajuda a prolongar sua vida \u00fatil, economizando custos a longo prazo.\t\t\t\t\t<\/p>\n<h4>\n\t\t\t\t\t\tRedu\u00e7\u00e3o de Paradas N\u00e3o Programadas<br \/>\n\t\t\t\t<\/h4>\n<p>\n\t\t\t\t\t\tA manuten\u00e7\u00e3o preventiva \u00e9 uma das pedras angulares do nosso trabalho. Mantendo um olhar atento sobre o estado de seus equipamentos, somos capazes de identificar e solucionar problemas potenciais antes que eles causem paradas n\u00e3o programadas. Isso significa que sua produ\u00e7\u00e3o continua a fluir sem interrup\u00e7\u00f5es indesejadas.\t\t\t\t\t<\/p>\n<h2>Leia Nosso Blog<\/h2>\n<h3>Nossos Post e Novidades<\/h3>\n<p>\t\t\t<a href=\"#\"><br \/>\n\t\t\t\t\t\tDescubra tudo que postamos<br \/>\n\t\t\t\t\t<\/a><\/p>\n","protected":false},"excerpt":{"rendered":"<p>contato@biomanutencaoindustrial.com.br 11 3944-5767 Facebook Linkedin Whatsapp WhatsApp Servi\u00e7os de manuten\u00e7\u00e3o industrial A manuten\u00e7\u00e3o industrial \u00e9 um pilar fundamental para o funcionamento eficiente e seguro de qualquer empreendimento fabril. \u00c9 o alicerce sobre o qual a produ\u00e7\u00e3o de qualidade se sustenta, garantindo que m\u00e1quinas, equipamentos e sistemas operem de maneira adequada e cont\u00ednua. \u00c9 nesse cen\u00e1rio [&hellip;]<\/p>\n","protected":false},"author":1,"featured_media":0,"parent":0,"menu_order":0,"comment_status":"closed","ping_status":"closed","template":"elementor_header_footer","meta":{"footnotes":""},"class_list":["post-159","page","type-page","status-publish","hentry"],"aioseo_notices":[],"_links":{"self":[{"href":"https:\/\/biomanutencaoindustrial.com.br\/index.php\/wp-json\/wp\/v2\/pages\/159","targetHints":{"allow":["GET"]}}],"collection":[{"href":"https:\/\/biomanutencaoindustrial.com.br\/index.php\/wp-json\/wp\/v2\/pages"}],"about":[{"href":"https:\/\/biomanutencaoindustrial.com.br\/index.php\/wp-json\/wp\/v2\/types\/page"}],"author":[{"embeddable":true,"href":"https:\/\/biomanutencaoindustrial.com.br\/index.php\/wp-json\/wp\/v2\/users\/1"}],"replies":[{"embeddable":true,"href":"https:\/\/biomanutencaoindustrial.com.br\/index.php\/wp-json\/wp\/v2\/comments?post=159"}],"version-history":[{"count":70,"href":"https:\/\/biomanutencaoindustrial.com.br\/index.php\/wp-json\/wp\/v2\/pages\/159\/revisions"}],"predecessor-version":[{"id":262,"href":"https:\/\/biomanutencaoindustrial.com.br\/index.php\/wp-json\/wp\/v2\/pages\/159\/revisions\/262"}],"wp:attachment":[{"href":"https:\/\/biomanutencaoindustrial.com.br\/index.php\/wp-json\/wp\/v2\/media?parent=159"}],"curies":[{"name":"wp","href":"https:\/\/api.w.org\/{rel}","templated":true}]}}